{"id":426,"date":"2022-10-31T22:51:35","date_gmt":"2022-10-31T22:51:35","guid":{"rendered":"http:\/\/lapileta.mx\/home-2\/"},"modified":"2023-04-18T00:16:55","modified_gmt":"2023-04-18T00:16:55","slug":"hola","status":"publish","type":"page","link":"https:\/\/lapileta.mx\/en\/hola\/","title":{"rendered":"Nuestra Historia"},"content":{"rendered":"<div id=\"wp-block-themeisle-blocks-advanced-columns-3e43bdc2\" class=\"wp-block-themeisle-blocks-advanced-columns alignfull has-2-columns has-desktop-equal-layout has-tablet-equal-layout has-mobile-collapsedRows-layout has-reverse-columns-mobile has-vertical-center\"><div class=\"wp-block-themeisle-blocks-advanced-columns-overlay\"><\/div><div class=\"innerblocks-wrap\">\n<div id=\"wp-block-themeisle-blocks-advanced-column-81751f47\" class=\"wp-block-themeisle-blocks-advanced-column\">\n<figure class=\"wp-block-image size-full\"><img data-dominant-color=\"945c4d\" data-has-transparency=\"true\" style=\"--dominant-color: #945c4d;\" decoding=\"async\" src=\"http:\/\/lapileta.mx\/wp-content\/uploads\/2023\/03\/Screen-Shot-2023-03-14-at-10.51.27-AM.png\" alt=\"\" class=\"wp-image-857 has-transparency\"\/><\/figure>\n<\/div>\n\n\n\n<div id=\"wp-block-themeisle-blocks-advanced-column-241b8fd9\" class=\"wp-block-themeisle-blocks-advanced-column\">\n<h2 class=\"wp-block-heading\">Javier y Ruth <\/h2>\n\n\n\n<p class=\"has-nv-dark-bg-color has-text-color\">Javier y Ruth se puede apreciar una curiosidad y determinacion constantes, cualidades que son la esencia el esp\u00edritu de emprendimiento que destaca a Zapotlanejo.<\/p>\n\n\n\n<p class=\"has-nv-dark-bg-color has-text-color\">Javi y Ruth se conocieron de muy j\u00f3venes. Ruth estudio para ser estilista y puso una est\u00e9tica con su hermana. Mientras Javi estaba al frente de la <a href=\"https:\/\/l.instagram.com\/?u=https%3A%2F%2Fwww.facebook.com%2FEMPACADORA-EL-RODEO-ZAPOTLANEJO-206673486034024%2F&amp;e=AT2nEaa1_1z5UAJElxcQXO4K6BvqtbWzH56s46ZyZNH0HRvAQLZJBHYJPpp2IaqWkO4J0eOKeK92cch7d9jXQSYKRoO5KvRSjhi2JDX22hGiv7vbYe5Ceg\" target=\"_blank\" rel=\"noreferrer noopener\">Empacadora El Rode\u00f3<\/a>, un negocio familiar empe\u00f1ado por sus abuelos.<\/p>\n\n\n\n<p class=\"has-nv-dark-bg-color has-text-color\">Javi demostr\u00f3 una afinidad para servicio y fue reconocido con el premio America por calidad y servicio dos veces. Y a pesar de muchas dudas, se arriesg\u00f3 al comprar una motocicleta para proveer servicio a domicilio. Con una caja fijada a la parrilla, La Empacadora el Rodeo fue uno de los primeros negocios con servicios a domicilio. Javi fue guidado por su esp\u00edritu de servicio y afinidad social para abrir un bar. El famoso \u201cRodeo Rock\u201d se mantuvo de moda por algunos a\u00f1os. La \u00e9poca de 90\u2019s en Zapotlanejo fueron marcadas por la tradicionales \u201cNoches Mexicanas\u201d en Septiembre y Noviembre en el bar.<\/p>\n<\/div>\n<\/div><\/div>\n\n\n\n<div id=\"wp-block-themeisle-blocks-advanced-columns-1878a941\" class=\"wp-block-themeisle-blocks-advanced-columns alignfull has-2-columns has-desktop-equal-layout has-tablet-equal-layout has-mobile-collapsedRows-layout has-reverse-columns-mobile has-vertical-center\"><div class=\"wp-block-themeisle-blocks-advanced-columns-overlay\"><\/div><div class=\"innerblocks-wrap\">\n<div id=\"wp-block-themeisle-blocks-advanced-column-c650c965\" class=\"wp-block-themeisle-blocks-advanced-column\">\n<figure class=\"wp-block-image size-full\"><img data-dominant-color=\"a38274\" data-has-transparency=\"true\" style=\"--dominant-color: #a38274;\" decoding=\"async\" src=\"http:\/\/lapileta.mx\/wp-content\/uploads\/2023\/03\/Screen-Shot-2023-03-14-at-10.50.48-AM.png\" alt=\"\" class=\"wp-image-858 has-transparency\"\/><\/figure>\n<\/div>\n\n\n\n<div id=\"wp-block-themeisle-blocks-advanced-column-f1259a5c\" class=\"wp-block-themeisle-blocks-advanced-column\">\n<h2 class=\"wp-block-heading\">F\u00e9 y Determinacion <\/h2>\n\n\n\n<p class=\"has-nv-dark-bg-color has-text-color\">Javi y Ruth se casaron en 1997. Javi continuo con el bar y abri\u00f3 una tienda de abrigos. Ruth siguio con su est\u00e9tica, apoyando con los deberes del bar y la tienda. Fueron tiempos de estabilidad y optimismo.<\/p>\n\n\n\n<p class=\"has-nv-dark-bg-color has-text-color\">\u201cLa Gran Quiebra\u201d que arruino a muchos negociantes en Zapotlanejo termino con este optimismo, reemplaz\u00e1ndolo por deudas y desesperaci\u00f3n. Javi tuvo que cerrar la tienda. Por mucho tiempo la est\u00e9tica fue la \u00fanica fuente ingresos.<\/p>\n\n\n\n<p class=\"has-nv-dark-bg-color has-text-color\">Su fe en Dios los mantuvo juntos en momentos muy dif\u00edciles. Poco a poco Javi levanto otra tienda de ropa con m\u00e1s opciones y mejor servicio. Concentraron su atenci\u00f3n y recursos en esta tienda y llegaron a una nueva \u00e9poca de estabilidad.<\/p>\n<\/div>\n<\/div><\/div>\n\n\n\n<div id=\"wp-block-themeisle-blocks-advanced-columns-ac33378c\" class=\"wp-block-themeisle-blocks-advanced-columns alignfull has-2-columns has-desktop-equal-layout has-tablet-equal-layout has-mobile-collapsedRows-layout has-reverse-columns-mobile has-vertical-center\"><div class=\"wp-block-themeisle-blocks-advanced-columns-overlay\"><\/div><div class=\"innerblocks-wrap\">\n<div id=\"wp-block-themeisle-blocks-advanced-column-56e97c3e\" class=\"wp-block-themeisle-blocks-advanced-column\">\n<h2 class=\"wp-block-heading\">\u00bfLa Pileta? <\/h2>\n\n\n\n<p class=\"has-nv-dark-bg-color has-text-color\">Ojal\u00e1 pronto t\u00fa tambi\u00e9n puedas vivir la experiencia que es La Pileta. No es un hotel t\u00edpico, de hecho \u00a1batallamos para clasificarla! Que tal si te contamos como a crecido.<\/p>\n\n\n\n<p class=\"has-nv-dark-bg-color has-text-color\">La Pileta empez\u00f3 como una simple terraza que tenia una pileta abandonada. Para complimentar la terraza y hacer pachangas aquaticas, aprovechamos convertida a una alberca. Con el tiempo (y despues de muchos obstaculos) hemos construido varios alojamientos; que incluyen dos casas, cinco apartamentos, y cuatro habitaciones. El broche de oro sera un spa que proximamente abriremos.<\/p>\n\n\n\n<p class=\"has-nv-dark-bg-color has-text-color\">Como vez, se nos hace complicado etiquetar La Pileta. Nuestra objetivo siempre a sido cultivar comunidad y compartir momentos especiales. Eso s\u00ed, si te podemos asegurar que hemos hecho todo con mucho amor.<\/p>\n<\/div>\n\n\n\n<div id=\"wp-block-themeisle-blocks-advanced-column-9a13274c\" class=\"wp-block-themeisle-blocks-advanced-column\">\n<figure class=\"wp-block-image size-large\"><img data-dominant-color=\"7c736f\" data-has-transparency=\"false\" style=\"--dominant-color: #7c736f;\" fetchpriority=\"high\" decoding=\"async\" width=\"768\" height=\"1024\" src=\"http:\/\/lapileta.mx\/wp-content\/uploads\/2023\/04\/pazDomoDoor-768x1024.webp\" alt=\"\" class=\"wp-image-957 not-transparent\" srcset=\"https:\/\/lapileta.mx\/wp-content\/uploads\/2023\/04\/pazDomoDoor-768x1024.webp 768w, https:\/\/lapileta.mx\/wp-content\/uploads\/2023\/04\/pazDomoDoor-scaled-892x1189.avif 892w, https:\/\/lapileta.mx\/wp-content\/uploads\/2023\/04\/pazDomoDoor-225x300.webp 225w, https:\/\/lapileta.mx\/wp-content\/uploads\/2023\/04\/pazDomoDoor-1152x1536.webp 1152w, https:\/\/lapileta.mx\/wp-content\/uploads\/2023\/04\/pazDomoDoor-1537x2048.webp 1537w, https:\/\/lapileta.mx\/wp-content\/uploads\/2023\/04\/pazDomoDoor-9x12.webp 9w, https:\/\/lapileta.mx\/wp-content\/uploads\/2023\/04\/pazDomoDoor-1320x1759.webp 1320w, https:\/\/lapileta.mx\/wp-content\/uploads\/2023\/04\/pazDomoDoor-scaled.avif 1921w\" sizes=\"(max-width: 768px) 100vw, 768px\" \/><\/figure>\n<\/div>\n<\/div><\/div>\n\n\n\n<section id=\"wp-block-themeisle-blocks-advanced-columns-dab9e0bf\" class=\"wp-block-themeisle-blocks-advanced-columns alignfull has-1-columns has-desktop-equal-layout has-tablet-equal-layout has-mobile-equal-layout has-vertical-flex-start\"><div class=\"wp-block-themeisle-blocks-advanced-columns-overlay\"><\/div><div class=\"innerblocks-wrap\">\n<div id=\"wp-block-themeisle-blocks-advanced-column-9df22226\" class=\"wp-block-themeisle-blocks-advanced-column\">\n<section id=\"wp-block-themeisle-blocks-advanced-columns-25c95699\" class=\"wp-block-themeisle-blocks-advanced-columns has-1-columns has-desktop-equal-layout has-tablet-equal-layout has-mobile-equal-layout has-vertical-flex-start\"><div class=\"wp-block-themeisle-blocks-advanced-columns-overlay\"><\/div><div class=\"innerblocks-wrap\">\n<div id=\"wp-block-themeisle-blocks-advanced-column-d4d9a4f8\" class=\"wp-block-themeisle-blocks-advanced-column\">\n<div id=\"wp-block-themeisle-blocks-advanced-heading-b8d1b344\" class=\"wp-block-themeisle-blocks-advanced-heading wp-block-themeisle-blocks-advanced-heading-b8d1b344\"><strong>Tu completas la Pileta<\/strong><\/div>\n\n\n\n<h2 class=\"wp-block-heading has-text-align-center has-neve-text-color-color has-text-color\">\u00a1Gracias!<\/h2>\n\n\n\n<p class=\"has-text-align-center has-neve-text-color-color has-text-color\">\u00a1Apreciamos mucho que deseas visitar La Pileta! <\/p>\n<\/div>\n<\/div><\/section>\n\n\n\n<section id=\"wp-block-themeisle-blocks-advanced-columns-b56443a0\" class=\"wp-block-themeisle-blocks-advanced-columns has-2-columns has-desktop-equal-layout has-tablet-equal-layout has-mobile-collapsedRows-layout has-vertical-flex-start\"><div class=\"wp-block-themeisle-blocks-advanced-columns-overlay\"><\/div><div class=\"innerblocks-wrap\">\n<div id=\"wp-block-themeisle-blocks-advanced-column-1bb9ffb4\" class=\"wp-block-themeisle-blocks-advanced-column\">\n<div id=\"wp-block-themeisle-blocks-font-awesome-icons-cc8feba2\" class=\"wp-block-themeisle-blocks-font-awesome-icons\"><span class=\"wp-block-themeisle-blocks-font-awesome-icons-container\"><i class=\"fab fa-whatsapp\"><\/i><\/span><\/div>\n\n\n\n<h2 id=\"wp-block-themeisle-blocks-advanced-heading-cd9e71d5\" class=\"wp-block-themeisle-blocks-advanced-heading wp-block-themeisle-blocks-advanced-heading-cd9e71d5\"> Reservaciones<\/h2>\n\n\n\n<p class=\"has-text-align-center\">Si deseas hacer tu reservaci\u00f3n te podemos atender por WhatsApp. <\/p>\n\n\n\n<p class=\"has-text-align-center has-neve-text-color-color has-text-color\" style=\"font-size:15px\"><strong><a href=\"https:\/\/wa.me\/523324962294\">WhatsApp<\/a><\/strong><\/p>\n<\/div>\n\n\n\n<div id=\"wp-block-themeisle-blocks-advanced-column-6777d6a7\" class=\"wp-block-themeisle-blocks-advanced-column\">\n<div id=\"wp-block-themeisle-blocks-font-awesome-icons-bf9a82ef\" class=\"wp-block-themeisle-blocks-font-awesome-icons\"><span class=\"wp-block-themeisle-blocks-font-awesome-icons-container\"><i class=\"fas fa-mail-bulk\"><\/i><\/span><\/div>\n\n\n\n<h2 id=\"wp-block-themeisle-blocks-advanced-heading-fe9e018a\" class=\"wp-block-themeisle-blocks-advanced-heading wp-block-themeisle-blocks-advanced-heading-fe9e018a\"> Correo Electr\u00f3nico<\/h2>\n\n\n\n<p class=\"has-text-align-center has-neve-text-color-color has-text-color\" style=\"font-size:15px\">Si requieres mas informaci\u00f3n, env\u00eda un correo electr\u00f3nico y te atenderemos lo mas pronto posible.<br><\/p>\n\n\n\n<p class=\"has-text-align-center has-neve-text-color-color has-text-color\" style=\"font-size:15px\"><a href=\"mailto:name@rapidtables.com\"><strong>hola @ lapileta . mx<\/strong><\/a><\/p>\n<\/div>\n<\/div><\/section>\n<\/div>\n<\/div><\/section>","protected":false},"excerpt":{"rendered":"","protected":false},"author":1,"featured_media":0,"parent":0,"menu_order":0,"comment_status":"closed","ping_status":"closed","template":"","meta":{"inline_featured_image":false,"footnotes":""},"class_list":["post-426","page","type-page","status-publish","hentry"],"yoast_head":"<!-- This site is optimized with the Yoast SEO plugin v27.5 - https:\/\/yoast.com\/product\/yoast-seo-wordpress\/ -->\n<title>Nuestra Historia - La Pileta<\/title>\n<meta name=\"robots\" content=\"index, follow, max-snippet:-1, max-image-preview:large, max-video-preview:-1\" \/>\n<link rel=\"canonical\" href=\"https:\/\/lapileta.mx\/en\/hola\/\" \/>\n<meta property=\"og:locale\" content=\"en_US\" \/>\n<meta property=\"og:type\" content=\"article\" \/>\n<meta property=\"og:title\" content=\"Nuestra Historia - La Pileta\" \/>\n<meta property=\"og:url\" content=\"https:\/\/lapileta.mx\/en\/hola\/\" \/>\n<meta property=\"og:site_name\" content=\"La Pileta\" \/>\n<meta property=\"article:modified_time\" content=\"2023-04-18T00:16:55+00:00\" \/>\n<meta name=\"twitter:card\" content=\"summary_large_image\" \/>\n<meta name=\"twitter:site\" content=\"@LaPiletaMx\" \/>\n<script type=\"application\/ld+json\" class=\"yoast-schema-graph\">{\"@context\":\"https:\\\/\\\/schema.org\",\"@graph\":[{\"@type\":\"WebPage\",\"@id\":\"https:\\\/\\\/lapileta.mx\\\/hola\\\/\",\"url\":\"https:\\\/\\\/lapileta.mx\\\/hola\\\/\",\"name\":\"Nuestra Historia - La Pileta\",\"isPartOf\":{\"@id\":\"https:\\\/\\\/lapileta.mx\\\/#website\"},\"datePublished\":\"2022-10-31T22:51:35+00:00\",\"dateModified\":\"2023-04-18T00:16:55+00:00\",\"breadcrumb\":{\"@id\":\"https:\\\/\\\/lapileta.mx\\\/hola\\\/#breadcrumb\"},\"inLanguage\":\"en-US\",\"potentialAction\":[{\"@type\":\"ReadAction\",\"target\":[\"https:\\\/\\\/lapileta.mx\\\/hola\\\/\"]}]},{\"@type\":\"BreadcrumbList\",\"@id\":\"https:\\\/\\\/lapileta.mx\\\/hola\\\/#breadcrumb\",\"itemListElement\":[{\"@type\":\"ListItem\",\"position\":1,\"name\":\"Home\",\"item\":\"https:\\\/\\\/lapileta.mx\\\/\"},{\"@type\":\"ListItem\",\"position\":2,\"name\":\"Nuestra Historia\"}]},{\"@type\":\"WebSite\",\"@id\":\"https:\\\/\\\/lapileta.mx\\\/#website\",\"url\":\"https:\\\/\\\/lapileta.mx\\\/\",\"name\":\"La Pileta\",\"description\":\"\",\"publisher\":{\"@id\":\"https:\\\/\\\/lapileta.mx\\\/#organization\"},\"potentialAction\":[{\"@type\":\"SearchAction\",\"target\":{\"@type\":\"EntryPoint\",\"urlTemplate\":\"https:\\\/\\\/lapileta.mx\\\/?s={search_term_string}\"},\"query-input\":{\"@type\":\"PropertyValueSpecification\",\"valueRequired\":true,\"valueName\":\"search_term_string\"}}],\"inLanguage\":\"en-US\"},{\"@type\":\"Organization\",\"@id\":\"https:\\\/\\\/lapileta.mx\\\/#organization\",\"name\":\"La Pileta\",\"url\":\"https:\\\/\\\/lapileta.mx\\\/\",\"logo\":{\"@type\":\"ImageObject\",\"inLanguage\":\"en-US\",\"@id\":\"https:\\\/\\\/lapileta.mx\\\/#\\\/schema\\\/logo\\\/image\\\/\",\"url\":\"http:\\\/\\\/lapileta.mx\\\/wp-content\\\/uploads\\\/2023\\\/02\\\/cropped-croppedLogo-1.png\",\"contentUrl\":\"http:\\\/\\\/lapileta.mx\\\/wp-content\\\/uploads\\\/2023\\\/02\\\/cropped-croppedLogo-1.png\",\"width\":512,\"height\":512,\"caption\":\"La Pileta\"},\"image\":{\"@id\":\"https:\\\/\\\/lapileta.mx\\\/#\\\/schema\\\/logo\\\/image\\\/\"},\"sameAs\":[\"https:\\\/\\\/x.com\\\/LaPiletaMx\"]}]}<\/script>\n<!-- \/ Yoast SEO plugin. -->","yoast_head_json":{"title":"Nuestra Historia - La Pileta","robots":{"index":"index","follow":"follow","max-snippet":"max-snippet:-1","max-image-preview":"max-image-preview:large","max-video-preview":"max-video-preview:-1"},"canonical":"https:\/\/lapileta.mx\/en\/hola\/","og_locale":"en_US","og_type":"article","og_title":"Nuestra Historia - La Pileta","og_url":"https:\/\/lapileta.mx\/en\/hola\/","og_site_name":"La Pileta","article_modified_time":"2023-04-18T00:16:55+00:00","twitter_card":"summary_large_image","twitter_site":"@LaPiletaMx","schema":{"@context":"https:\/\/schema.org","@graph":[{"@type":"WebPage","@id":"https:\/\/lapileta.mx\/hola\/","url":"https:\/\/lapileta.mx\/hola\/","name":"Nuestra Historia - La Pileta","isPartOf":{"@id":"https:\/\/lapileta.mx\/#website"},"datePublished":"2022-10-31T22:51:35+00:00","dateModified":"2023-04-18T00:16:55+00:00","breadcrumb":{"@id":"https:\/\/lapileta.mx\/hola\/#breadcrumb"},"inLanguage":"en-US","potentialAction":[{"@type":"ReadAction","target":["https:\/\/lapileta.mx\/hola\/"]}]},{"@type":"BreadcrumbList","@id":"https:\/\/lapileta.mx\/hola\/#breadcrumb","itemListElement":[{"@type":"ListItem","position":1,"name":"Home","item":"https:\/\/lapileta.mx\/"},{"@type":"ListItem","position":2,"name":"Nuestra Historia"}]},{"@type":"WebSite","@id":"https:\/\/lapileta.mx\/#website","url":"https:\/\/lapileta.mx\/","name":"La Pileta","description":"","publisher":{"@id":"https:\/\/lapileta.mx\/#organization"},"potentialAction":[{"@type":"SearchAction","target":{"@type":"EntryPoint","urlTemplate":"https:\/\/lapileta.mx\/?s={search_term_string}"},"query-input":{"@type":"PropertyValueSpecification","valueRequired":true,"valueName":"search_term_string"}}],"inLanguage":"en-US"},{"@type":"Organization","@id":"https:\/\/lapileta.mx\/#organization","name":"La Pileta","url":"https:\/\/lapileta.mx\/","logo":{"@type":"ImageObject","inLanguage":"en-US","@id":"https:\/\/lapileta.mx\/#\/schema\/logo\/image\/","url":"http:\/\/lapileta.mx\/wp-content\/uploads\/2023\/02\/cropped-croppedLogo-1.png","contentUrl":"http:\/\/lapileta.mx\/wp-content\/uploads\/2023\/02\/cropped-croppedLogo-1.png","width":512,"height":512,"caption":"La Pileta"},"image":{"@id":"https:\/\/lapileta.mx\/#\/schema\/logo\/image\/"},"sameAs":["https:\/\/x.com\/LaPiletaMx"]}]}},"_links":{"self":[{"href":"https:\/\/lapileta.mx\/en\/wp-json\/wp\/v2\/pages\/426","targetHints":{"allow":["GET"]}}],"collection":[{"href":"https:\/\/lapileta.mx\/en\/wp-json\/wp\/v2\/pages"}],"about":[{"href":"https:\/\/lapileta.mx\/en\/wp-json\/wp\/v2\/types\/page"}],"author":[{"embeddable":true,"href":"https:\/\/lapileta.mx\/en\/wp-json\/wp\/v2\/users\/1"}],"replies":[{"embeddable":true,"href":"https:\/\/lapileta.mx\/en\/wp-json\/wp\/v2\/comments?post=426"}],"version-history":[{"count":0,"href":"https:\/\/lapileta.mx\/en\/wp-json\/wp\/v2\/pages\/426\/revisions"}],"wp:attachment":[{"href":"https:\/\/lapileta.mx\/en\/wp-json\/wp\/v2\/media?parent=426"}],"curies":[{"name":"wp","href":"https:\/\/api.w.org\/{rel}","templated":true}]}}