{"id":1705,"date":"2020-11-03T19:56:32","date_gmt":"2020-11-03T19:56:32","guid":{"rendered":"https:\/\/themes.getmotopress.com\/albatross\/booking-confirmation\/booking-canceled\/"},"modified":"2023-05-26T23:16:57","modified_gmt":"2023-05-26T23:16:57","slug":"booking-canceled","status":"publish","type":"page","link":"https:\/\/lapileta.mx\/en\/booking-confirmation\/booking-canceled\/","title":{"rendered":"Tu reservaci\u00f3n ha sido cancelada."},"content":{"rendered":"<p>Puedes hacer otra reservaci\u00f3n iniciando otra b\u00fasqueda:<\/p>\n\n\n\n<p><code><div class=\"mphb_sc_search-wrapper\">\n<form method=\"GET\" class=\"mphb_sc_search-form\" action=\"https:\/\/lapileta.mx\/en\/resultados-de-busqueda\/\" data-first_available_check_in_date=\"2026-04-21\" data-trp-original-action=\"https:\/\/lapileta.mx\/en\/resultados-de-busqueda\/\">\n\n\t<p class = \"mphb-required-fields-tip\">\n\t<small>\n\t\tRequired fields are followed by\t\t<abbr title=\"required\">*<\/abbr>\n\t<\/small>\n<\/p>\n\n\t<p class=\"mphb_sc_search-check-in-date\">\n\t\t<label for=\"mphb_check_in_date-mphb-search-form-69e7568b28c99\">\n\t\t\tCheck-in\t\t\t<abbr title=\"Formatted as dd\/mm\/yyyy\">*<\/abbr>\n\t\t<\/label>\n\t\t<br \/>\n\t\t<input\n\t\t\tid=\"mphb_check_in_date-mphb-search-form-69e7568b28c99\"\n\t\t\tdata-datepick-group=\"mphb-search-form-69e7568b28c99\"\n\t\t\tvalue=\"\"\n\t\t\tplaceholder=\"Check-in Date\"\n\t\t\trequired=\"required\"\n\t\t\ttype=\"text\"\n\t\t\tinputmode=\"none\"\n\t\t\tname=\"mphb_check_in_date\"\n\t\t\tclass=\"mphb-datepick\"\n\t\t\tautocomplete=\"off\"\n\t\t\t\/>\n\t<\/p>\n\n\t<p class=\"mphb_sc_search-check-out-date\">\n\t\t<label for=\"mphb_check_out_date-mphb-search-form-69e7568b28c99\">\n\t\t\tCheck-out\t\t\t<abbr title=\"Formatted as dd\/mm\/yyyy\">*<\/abbr>\n\t\t<\/label>\n\t\t<br \/>\n\t\t<input\n\t\t\tid=\"mphb_check_out_date-mphb-search-form-69e7568b28c99\"\n\t\t\tdata-datepick-group=\"mphb-search-form-69e7568b28c99\"\n\t\t\tvalue=\"\"\n\t\t\tplaceholder=\"Check-out Date\"\n\t\t\trequired=\"required\"\n\t\t\ttype=\"text\"\n\t\t\tinputmode=\"none\"\n\t\t\tname=\"mphb_check_out_date\"\n\t\t\tclass=\"mphb-datepick\"\n\t\t\tautocomplete=\"off\"\n\t\t\t\/>\n\t<\/p>\n\n\t\t\t<p class=\"mphb_sc_search-adults\">\n\t\t\t<label for=\"mphb_adults-mphb-search-form-69e7568b28c99\">\n\t\t\t\tGuests\t\t\t<\/label>\n\t\t\t<br \/>\n\t\t\t<select id=\"mphb_adults-mphb-search-form-69e7568b28c99\" name=\"mphb_adults\" >\n\t\t\t\t\t\t\t\t\t<option value=\"1\"  selected='selected'>1<\/option>\n\t\t\t\t\t\t\t\t\t<option value=\"2\" >2<\/option>\n\t\t\t\t\t\t\t\t\t<option value=\"3\" >3<\/option>\n\t\t\t\t\t\t\t\t\t<option value=\"4\" >4<\/option>\n\t\t\t\t\t\t\t\t\t<option value=\"5\" >5<\/option>\n\t\t\t\t\t\t\t\t\t<option value=\"6\" >6<\/option>\n\t\t\t\t\t\t\t\t\t<option value=\"7\" >7<\/option>\n\t\t\t\t\t\t\t\t\t<option value=\"8\" >8<\/option>\n\t\t\t\t\t\t\t<\/select>\n\t\t<\/p>\n\t\n\t\t\t<input type=\"hidden\" id=\"mphb_children-mphb-search-form-69e7568b28c99\" name=\"mphb_children\" value=\"0\" \/>\n\t\n\t\n\t\n\t<input id=\"mphb_check_in_date-mphb-search-form-69e7568b28c99-hidden\" value=\"\" type=\"hidden\" name=\"mphb_check_in_date\" \/><input id=\"mphb_check_out_date-mphb-search-form-69e7568b28c99-hidden\" value=\"\" type=\"hidden\" name=\"mphb_check_out_date\" \/>\n\t<p class=\"mphb_sc_search-submit-button-wrapper\">\n\t\t<input type=\"submit\" class=\"button\" value=\"Search\"\/>\n\t<\/p>\n\n\t\n<input type=\"hidden\" name=\"trp-form-language\" value=\"en\"\/><\/form>\n<\/div><\/code><\/p>","protected":false},"excerpt":{"rendered":"<p>Puedes hacer otra reservaci\u00f3n iniciando otra b\u00fasqueda:<\/p>","protected":false},"author":1,"featured_media":0,"parent":1703,"menu_order":0,"comment_status":"closed","ping_status":"closed","template":"","meta":{"inline_featured_image":false,"footnotes":""},"class_list":["post-1705","page","type-page","status-publish","hentry"],"yoast_head":"<!-- This site is optimized with the Yoast SEO plugin v27.4 - https:\/\/yoast.com\/product\/yoast-seo-wordpress\/ -->\n<title>Tu reservaci\u00f3n ha sido cancelada. - La Pileta<\/title>\n<meta name=\"robots\" content=\"index, follow, max-snippet:-1, max-image-preview:large, max-video-preview:-1\" \/>\n<link rel=\"canonical\" href=\"https:\/\/lapileta.mx\/en\/booking-confirmation\/booking-canceled\/\" \/>\n<meta property=\"og:locale\" content=\"en_US\" \/>\n<meta property=\"og:type\" content=\"article\" \/>\n<meta property=\"og:title\" content=\"Tu reservaci\u00f3n ha sido cancelada. - La Pileta\" \/>\n<meta property=\"og:description\" content=\"Puedes hacer otra reservaci\u00f3n iniciando otra b\u00fasqueda:\" \/>\n<meta property=\"og:url\" content=\"https:\/\/lapileta.mx\/en\/booking-confirmation\/booking-canceled\/\" \/>\n<meta property=\"og:site_name\" content=\"La Pileta\" \/>\n<meta property=\"article:modified_time\" content=\"2023-05-26T23:16:57+00:00\" \/>\n<meta name=\"twitter:card\" content=\"summary_large_image\" \/>\n<meta name=\"twitter:site\" content=\"@LaPiletaMx\" \/>\n<meta name=\"twitter:label1\" content=\"Est. reading time\" \/>\n\t<meta name=\"twitter:data1\" content=\"1 minute\" \/>\n<script type=\"application\/ld+json\" class=\"yoast-schema-graph\">{\"@context\":\"https:\\\/\\\/schema.org\",\"@graph\":[{\"@type\":\"WebPage\",\"@id\":\"https:\\\/\\\/lapileta.mx\\\/booking-confirmation\\\/booking-canceled\\\/\",\"url\":\"https:\\\/\\\/lapileta.mx\\\/booking-confirmation\\\/booking-canceled\\\/\",\"name\":\"Tu reservaci\u00f3n ha sido cancelada. - La Pileta\",\"isPartOf\":{\"@id\":\"https:\\\/\\\/lapileta.mx\\\/#website\"},\"datePublished\":\"2020-11-03T19:56:32+00:00\",\"dateModified\":\"2023-05-26T23:16:57+00:00\",\"breadcrumb\":{\"@id\":\"https:\\\/\\\/lapileta.mx\\\/booking-confirmation\\\/booking-canceled\\\/#breadcrumb\"},\"inLanguage\":\"en-US\",\"potentialAction\":[{\"@type\":\"ReadAction\",\"target\":[\"https:\\\/\\\/lapileta.mx\\\/booking-confirmation\\\/booking-canceled\\\/\"]}]},{\"@type\":\"BreadcrumbList\",\"@id\":\"https:\\\/\\\/lapileta.mx\\\/booking-confirmation\\\/booking-canceled\\\/#breadcrumb\",\"itemListElement\":[{\"@type\":\"ListItem\",\"position\":1,\"name\":\"Home\",\"item\":\"https:\\\/\\\/lapileta.mx\\\/\"},{\"@type\":\"ListItem\",\"position\":2,\"name\":\"Confirmaci\u00f3n de Reservaci\u00f3n\",\"item\":\"https:\\\/\\\/lapileta.mx\\\/booking-confirmation\\\/\"},{\"@type\":\"ListItem\",\"position\":3,\"name\":\"Tu reservaci\u00f3n ha sido cancelada.\"}]},{\"@type\":\"WebSite\",\"@id\":\"https:\\\/\\\/lapileta.mx\\\/#website\",\"url\":\"https:\\\/\\\/lapileta.mx\\\/\",\"name\":\"La Pileta\",\"description\":\"\",\"publisher\":{\"@id\":\"https:\\\/\\\/lapileta.mx\\\/#organization\"},\"potentialAction\":[{\"@type\":\"SearchAction\",\"target\":{\"@type\":\"EntryPoint\",\"urlTemplate\":\"https:\\\/\\\/lapileta.mx\\\/?s={search_term_string}\"},\"query-input\":{\"@type\":\"PropertyValueSpecification\",\"valueRequired\":true,\"valueName\":\"search_term_string\"}}],\"inLanguage\":\"en-US\"},{\"@type\":\"Organization\",\"@id\":\"https:\\\/\\\/lapileta.mx\\\/#organization\",\"name\":\"La Pileta\",\"url\":\"https:\\\/\\\/lapileta.mx\\\/\",\"logo\":{\"@type\":\"ImageObject\",\"inLanguage\":\"en-US\",\"@id\":\"https:\\\/\\\/lapileta.mx\\\/#\\\/schema\\\/logo\\\/image\\\/\",\"url\":\"http:\\\/\\\/lapileta.mx\\\/wp-content\\\/uploads\\\/2023\\\/02\\\/cropped-croppedLogo-1.png\",\"contentUrl\":\"http:\\\/\\\/lapileta.mx\\\/wp-content\\\/uploads\\\/2023\\\/02\\\/cropped-croppedLogo-1.png\",\"width\":512,\"height\":512,\"caption\":\"La Pileta\"},\"image\":{\"@id\":\"https:\\\/\\\/lapileta.mx\\\/#\\\/schema\\\/logo\\\/image\\\/\"},\"sameAs\":[\"https:\\\/\\\/x.com\\\/LaPiletaMx\"]}]}<\/script>\n<!-- \/ Yoast SEO plugin. -->","yoast_head_json":{"title":"Tu reservaci\u00f3n ha sido cancelada. - La Pileta","robots":{"index":"index","follow":"follow","max-snippet":"max-snippet:-1","max-image-preview":"max-image-preview:large","max-video-preview":"max-video-preview:-1"},"canonical":"https:\/\/lapileta.mx\/en\/booking-confirmation\/booking-canceled\/","og_locale":"en_US","og_type":"article","og_title":"Tu reservaci\u00f3n ha sido cancelada. - La Pileta","og_description":"Puedes hacer otra reservaci\u00f3n iniciando otra b\u00fasqueda:","og_url":"https:\/\/lapileta.mx\/en\/booking-confirmation\/booking-canceled\/","og_site_name":"La Pileta","article_modified_time":"2023-05-26T23:16:57+00:00","twitter_card":"summary_large_image","twitter_site":"@LaPiletaMx","twitter_misc":{"Est. reading time":"1 minute"},"schema":{"@context":"https:\/\/schema.org","@graph":[{"@type":"WebPage","@id":"https:\/\/lapileta.mx\/booking-confirmation\/booking-canceled\/","url":"https:\/\/lapileta.mx\/booking-confirmation\/booking-canceled\/","name":"Tu reservaci\u00f3n ha sido cancelada. - La Pileta","isPartOf":{"@id":"https:\/\/lapileta.mx\/#website"},"datePublished":"2020-11-03T19:56:32+00:00","dateModified":"2023-05-26T23:16:57+00:00","breadcrumb":{"@id":"https:\/\/lapileta.mx\/booking-confirmation\/booking-canceled\/#breadcrumb"},"inLanguage":"en-US","potentialAction":[{"@type":"ReadAction","target":["https:\/\/lapileta.mx\/booking-confirmation\/booking-canceled\/"]}]},{"@type":"BreadcrumbList","@id":"https:\/\/lapileta.mx\/booking-confirmation\/booking-canceled\/#breadcrumb","itemListElement":[{"@type":"ListItem","position":1,"name":"Home","item":"https:\/\/lapileta.mx\/"},{"@type":"ListItem","position":2,"name":"Confirmaci\u00f3n de Reservaci\u00f3n","item":"https:\/\/lapileta.mx\/booking-confirmation\/"},{"@type":"ListItem","position":3,"name":"Tu reservaci\u00f3n ha sido cancelada."}]},{"@type":"WebSite","@id":"https:\/\/lapileta.mx\/#website","url":"https:\/\/lapileta.mx\/","name":"La Pileta","description":"","publisher":{"@id":"https:\/\/lapileta.mx\/#organization"},"potentialAction":[{"@type":"SearchAction","target":{"@type":"EntryPoint","urlTemplate":"https:\/\/lapileta.mx\/?s={search_term_string}"},"query-input":{"@type":"PropertyValueSpecification","valueRequired":true,"valueName":"search_term_string"}}],"inLanguage":"en-US"},{"@type":"Organization","@id":"https:\/\/lapileta.mx\/#organization","name":"La Pileta","url":"https:\/\/lapileta.mx\/","logo":{"@type":"ImageObject","inLanguage":"en-US","@id":"https:\/\/lapileta.mx\/#\/schema\/logo\/image\/","url":"http:\/\/lapileta.mx\/wp-content\/uploads\/2023\/02\/cropped-croppedLogo-1.png","contentUrl":"http:\/\/lapileta.mx\/wp-content\/uploads\/2023\/02\/cropped-croppedLogo-1.png","width":512,"height":512,"caption":"La Pileta"},"image":{"@id":"https:\/\/lapileta.mx\/#\/schema\/logo\/image\/"},"sameAs":["https:\/\/x.com\/LaPiletaMx"]}]}},"_links":{"self":[{"href":"https:\/\/lapileta.mx\/en\/wp-json\/wp\/v2\/pages\/1705","targetHints":{"allow":["GET"]}}],"collection":[{"href":"https:\/\/lapileta.mx\/en\/wp-json\/wp\/v2\/pages"}],"about":[{"href":"https:\/\/lapileta.mx\/en\/wp-json\/wp\/v2\/types\/page"}],"author":[{"embeddable":true,"href":"https:\/\/lapileta.mx\/en\/wp-json\/wp\/v2\/users\/1"}],"replies":[{"embeddable":true,"href":"https:\/\/lapileta.mx\/en\/wp-json\/wp\/v2\/comments?post=1705"}],"version-history":[{"count":0,"href":"https:\/\/lapileta.mx\/en\/wp-json\/wp\/v2\/pages\/1705\/revisions"}],"up":[{"embeddable":true,"href":"https:\/\/lapileta.mx\/en\/wp-json\/wp\/v2\/pages\/1703"}],"wp:attachment":[{"href":"https:\/\/lapileta.mx\/en\/wp-json\/wp\/v2\/media?parent=1705"}],"curies":[{"name":"wp","href":"https:\/\/api.w.org\/{rel}","templated":true}]}}