{"id":13386,"date":"2025-03-22T08:45:47","date_gmt":"2025-03-22T14:45:47","guid":{"rendered":"https:\/\/lapileta.mx\/?page_id=13386"},"modified":"2025-03-27T10:50:42","modified_gmt":"2025-03-27T16:50:42","slug":"contrato-de-hospedaje","status":"publish","type":"page","link":"https:\/\/lapileta.mx\/en\/contrato-de-hospedaje\/","title":{"rendered":"T\u00e9rminos de Hospedaje"},"content":{"rendered":"<p>CONTRATO DE HOSPEDAJE ENTRE EL SE\u00d1OR FRANCISCO JAVIER ALVAREZ GOMEZ, POR UNA PARTE, QUE EN LO SUCESIVO SE LE DENOMINARA \u201cHOSPEDANTE\u201d Y POR LA OTRA LA PERSONA COMPLETANDO ESTA RESERVACI\u00d3N NOMBRADA EN LA SECCI\u00d3N INICIAL, QUE EN LO SUCESIVO SE LE DENOMINARA \u201cHU\u00c9SPED\u201d, AMBOS MAYORES DE EDAD Y CON CAPACIDAD LEGAL PARA CONTRATAR Y OBLIGARSE, DECLARAN QUE EL PRESENTE CONTRATO LO SUJETAN AL TENOR DE LAS SIGUIENTES DECLARACIONES Y CL\u00c1USULAS:<\/p>\n\n\n\n<p>D E C L A R A C I O N E S<\/p>\n\n\n\n<p>Declara el HOSPEDANTE: Que es una persona f\u00edsica de nacionalidad mexicana, y con suficiente capacidad legal para obligarse en los t\u00e9rminos del presente Contrato, con domicilio ubicado en la calle Santa Mar\u00eda de Jes\u00fas Sacramentado No. 70 (setenta) en la localidad de Zapotlanejo, Jalisco, el cual se\u00f1ala como domicilio convencional para todos los efectos legales del presente contrato: <br>Cuenta con la infraestructura, los elementos propios, los recursos t\u00e9cnicos suficientes para cumplir con sus obligaciones conforme a lo establecido en el presente Contrato.<br>Cuenta con las condiciones de higiene y seguridad adecuadas para habitar el espacio.<br>Cumple con las licencias, permisos, avisos, certificados y autorizaciones previstas en las disposiciones legales y normas vigentes que corresponden.<br>Cuenta con las facultades suficientes para llevar a cabo el hospedaje en el bien inmueble donde se llevar\u00e1 a cabo el servicio objeto de este Contrato.<\/p>\n\n\n\n<p>Declara el HU\u00c9SPED:<br>Llamarse como ha quedado grabado en el formulario de reservaci\u00f3n.<br>Este es su deseo de obligarse a los t\u00e9rminos y condiciones del presente Contrato, manifestando que cuenta con la capacidad legal (mayor\u00eda de edad) para la celebraci\u00f3n de este Contrato.<br>En virtud de las Declaraciones anteriores, las PARTES convienen en obligarse conforme a las siguientes:<br><\/p>\n\n\n\n<p>C L \u00c1 U S U L A S<\/p>\n\n\n\n<p>PRIMERA: DECLARACI\u00d3N DE ALOJAMIENTOS<br>El HOSPEDANTE da en hospedaje al HU\u00c9SPED los alojamientos indicados en la secci\u00f3n inicial de este documento. <strong> <\/strong><\/p>\n\n\n\n<p>Dichos alojamientos est\u00e1n ubicados en La Pileta, con domicilio en la Calle Santa Mar\u00eda de Jes\u00fas Sacramentado No. 70 (setenta) en la localidad de Zapotlanejo, Jalisco, debidamente amueblado y manifiesta que dichos alojamientos satisface con todas las condiciones de higiene y salubridad correspondientes.<\/p>\n\n\n\n<p>SEGUNDA: AVISO DE PRIVACIDAD Previo a la firma del presente Contrato y en cumplimiento a lo dispuesto en la Ley Federal de Protecci\u00f3n de Datos Personales en Posesi\u00f3n de los Particulares, el HOSPEDANTE hizo del conocimiento al HU\u00c9SPED del aviso de privacidad, as\u00ed como del procedimiento para ejercer los derechos de acceso, rectificaci\u00f3n, cancelaci\u00f3n y oposici\u00f3n al tratamiento de sus datos personales. <\/p>\n\n\n\n<p>TERCERA: FORMA DE PAGO La retribuci\u00f3n estipulada por dicho hospedaje es la cantidad estipulada en la secci\u00f3n inicial de este documento en pesos mexicanos, que deber\u00e1 pagar el HU\u00c9SPED al HOSPEDANTE, ya sea por anticipo o al momento de su llegada.<br>El HU\u00c9SPED pagar\u00e1 un anticipo para confirmar su reservaci\u00f3n que ser\u00e1n deducidos del total estipulado en la cl\u00e1usula anterior.<\/p>\n\n\n\n<p>CUARTA: DURACI\u00d3N<br>El hospedaje es v\u00e1lido durante las fechas indicadas en la secci\u00f3n inicial de este documento.<\/p>\n\n\n\n<p>QUINTA: OBLIGACIONES DEL HOSPEDANTE<br>El HOSPEDANTE se obliga a realizar, en el lugar establecido, las reparaciones necesarias a fin de conservarlo en las mismas condiciones en que se encuentre durante todo el tiempo de hospedaje.<br>El HOSPEDANTE se obliga a hacer la limpieza previa a la entrega del\/los alojamientos.<\/p>\n\n\n\n<p>SEXTA: GASTOS DE REPARACI\u00d3N<br>El HU\u00c9SPED se obliga por su parte a efectuar las reparaciones de aquellos deterioros que hayan sido causados por \u00e9l o por las personas que ocupen con \u00e9l o visiten el\/los alojamiento\/s objeto del presente contrato con una retribuci\u00f3n monetaria equivalente la cual depender\u00e1 del estado actual y desgaste habitual en que se encontraba el\/los alojamientos, as\u00ed como del valor del bien da\u00f1ado que sea fehacientemente comprobable por parte del HOSPEDANTE.<\/p>\n\n\n\n<p>S\u00c9PTIMA: DERECHOS<br>El HU\u00c9SPED podr\u00e1 hacer uso de las instalaciones del \u00e1rea estipulada en la descripci\u00f3n del alojamiento indicado, as\u00ed como la alberca y \u00e1reas comunes de tiempo compartido con otros hu\u00e9spedes.<\/p>\n\n\n\n<p>OCTAVA: OBLIGACIONES DEL HU\u00c9SPED<br>El HU\u00c9SPED se obliga a:<br>Pagar cumplida la retribuci\u00f3n estipulada anteriormente<br>A servirse del\/los alojamientos dada\/os en hospedaje solo para habitaci\u00f3n.<br>A no conceder el uso de las instalaciones y\/o alojamientos a m\u00e1s personas de las pactadas anteriormente.<br>Dar aviso al HOSPEDANTE de toda novedad perjudicial para el\/los alojamientos y ser\u00e1 responsable de los da\u00f1os y perjuicios que su omisi\u00f3n cause.<br>A conservar el\/los alojamientos en buen estado en el que lo recibi\u00f3 y a devolverlo en ese estado al terminar el contrato.<\/p>\n\n\n\n<p>NOVENA: CANCELACI\u00d3N<br>En caso de que la cancelaci\u00f3n haya sido solicitada por el HU\u00c9SPED, no habr\u00e1 devoluci\u00f3n de las cantidades de dinero acordadas y pagadas en el apartado de la Cl\u00e1usula Tercera del presente contrato, sin embargo, en caso de que el HOSPEDANTE, solicite la cancelaci\u00f3n del evento, se reintegraran las cantidades de dinero acordadas y pagadas en el apartado de la Cl\u00e1usula Tercera del presente contrato, sin que existan consecuencias legales.<\/p>\n\n\n\n<p>D\u00c9CIMA: REGLAMENTO<br>El HOSPEDANTE a la firma del presente Contrato entrega al HU\u00c9SPED copia del anexo reglamento del uso del\/los alojamientos, as\u00ed como el de la terraza y alberca, el cual forma parte del presente Contrato, por lo que el HU\u00c9SPED se obliga a cumplir con las disposiciones reglamentarias que rigen el inmueble y a procurar que los asistentes a sus invitados observen la misma conducta.<\/p>\n\n\n\n<p>D\u00c9CIMA PRIMERA: INCUMPLIMIENTO<br>En el caso del incumplimiento del presente reglamento por parte del HU\u00c9SPED, este responder\u00e1 del importe adeudado del hospedaje con su equipaje y se llevar\u00e1 la rescisi\u00f3n del contrato.<\/p>\n\n\n\n<p>D\u00c9CIMA SEGUNDA: CASO FORTUITO Y FUERZA MAYOR<br>En caso de que el HOSPEDANTE se encuentre imposibilitado para otorgar estos alojamientos por caso fortuito o fuerza mayor, como incendio, temblor u otros acontecimientos de la naturaleza o hechos del hombre ajenos a la voluntad del HOSPEDANTE, no se considerar\u00e1 como causa de incumplimiento. El HOSPEDANTE ofrecer\u00e1 servicios u opciones de alojamientos que conforman.<\/p>\n\n\n\n<p>D\u00c9CIMA SEGUNDA: COMPETENCIA<br>Las PARTES se someten a la jurisdicci\u00f3n de los Tribunales competentes en Zapotlanejo, Jalisco, renunciando expresamente a cualquier otra jurisdicci\u00f3n que pudiera corresponderles, por raz\u00f3n de sus domicilios presentes o futuros o por cualquier otra raz\u00f3n.<br>Lo anterior, de conformidad a lo previsto en el cap\u00edtulo IV del hospedaje del C\u00f3digo Civil del Estado de Jalisco, en los art\u00edculos 2321, 2322, 2326, 2327, 2328, 2329, 2331, entre otros. Le\u00eddo que fue por las PARTES el contenido del presente Contrato y sabiendo de su alcance legal, lo aceptan por celebrado en la Ciudad de Zapotlanejo, Jalisco.<\/p>","protected":false},"excerpt":{"rendered":"<p>CONTRATO DE HOSPEDAJE ENTRE EL SE\u00d1OR FRANCISCO JAVIER ALVAREZ GOMEZ, POR UNA PARTE, QUE EN LO SUCESIVO SE LE DENOMINARA \u201cHOSPEDANTE\u201d Y POR LA OTRA LA PERSONA COMPLETANDO ESTA RESERVACI\u00d3N NOMBRADA EN LA SECCI\u00d3N INICIAL, QUE EN LO SUCESIVO SE LE DENOMINARA \u201cHU\u00c9SPED\u201d, AMBOS MAYORES DE EDAD Y CON CAPACIDAD LEGAL PARA CONTRATAR Y OBLIGARSE, [&hellip;]<\/p>\n","protected":false},"author":1,"featured_media":0,"parent":0,"menu_order":0,"comment_status":"closed","ping_status":"closed","template":"","meta":{"inline_featured_image":false,"footnotes":""},"class_list":["post-13386","page","type-page","status-publish","hentry"],"yoast_head":"<!-- This site is optimized with the Yoast SEO plugin v27.4 - https:\/\/yoast.com\/product\/yoast-seo-wordpress\/ -->\n<title>T\u00e9rminos de Hospedaje - La Pileta<\/title>\n<meta name=\"robots\" content=\"index, follow, max-snippet:-1, max-image-preview:large, max-video-preview:-1\" \/>\n<link rel=\"canonical\" href=\"https:\/\/lapileta.mx\/en\/contrato-de-hospedaje\/\" \/>\n<meta property=\"og:locale\" content=\"en_US\" \/>\n<meta property=\"og:type\" content=\"article\" \/>\n<meta property=\"og:title\" content=\"T\u00e9rminos de Hospedaje - La Pileta\" \/>\n<meta property=\"og:description\" content=\"CONTRATO DE HOSPEDAJE ENTRE EL SE\u00d1OR FRANCISCO JAVIER ALVAREZ GOMEZ, POR UNA PARTE, QUE EN LO SUCESIVO SE LE DENOMINARA \u201cHOSPEDANTE\u201d Y POR LA OTRA LA PERSONA COMPLETANDO ESTA RESERVACI\u00d3N NOMBRADA EN LA SECCI\u00d3N INICIAL, QUE EN LO SUCESIVO SE LE DENOMINARA \u201cHU\u00c9SPED\u201d, AMBOS MAYORES DE EDAD Y CON CAPACIDAD LEGAL PARA CONTRATAR Y OBLIGARSE, [&hellip;]\" \/>\n<meta property=\"og:url\" content=\"https:\/\/lapileta.mx\/en\/contrato-de-hospedaje\/\" \/>\n<meta property=\"og:site_name\" content=\"La Pileta\" \/>\n<meta property=\"article:modified_time\" content=\"2025-03-27T16:50:42+00:00\" \/>\n<meta name=\"twitter:card\" content=\"summary_large_image\" \/>\n<meta name=\"twitter:site\" content=\"@LaPiletaMx\" \/>\n<meta name=\"twitter:label1\" content=\"Est. reading time\" \/>\n\t<meta name=\"twitter:data1\" content=\"5 minutes\" \/>\n<script type=\"application\/ld+json\" class=\"yoast-schema-graph\">{\"@context\":\"https:\\\/\\\/schema.org\",\"@graph\":[{\"@type\":\"WebPage\",\"@id\":\"https:\\\/\\\/lapileta.mx\\\/contrato-de-hospedaje\\\/\",\"url\":\"https:\\\/\\\/lapileta.mx\\\/contrato-de-hospedaje\\\/\",\"name\":\"T\u00e9rminos de Hospedaje - La Pileta\",\"isPartOf\":{\"@id\":\"https:\\\/\\\/lapileta.mx\\\/#website\"},\"datePublished\":\"2025-03-22T14:45:47+00:00\",\"dateModified\":\"2025-03-27T16:50:42+00:00\",\"breadcrumb\":{\"@id\":\"https:\\\/\\\/lapileta.mx\\\/contrato-de-hospedaje\\\/#breadcrumb\"},\"inLanguage\":\"en-US\",\"potentialAction\":[{\"@type\":\"ReadAction\",\"target\":[\"https:\\\/\\\/lapileta.mx\\\/contrato-de-hospedaje\\\/\"]}]},{\"@type\":\"BreadcrumbList\",\"@id\":\"https:\\\/\\\/lapileta.mx\\\/contrato-de-hospedaje\\\/#breadcrumb\",\"itemListElement\":[{\"@type\":\"ListItem\",\"position\":1,\"name\":\"Home\",\"item\":\"https:\\\/\\\/lapileta.mx\\\/\"},{\"@type\":\"ListItem\",\"position\":2,\"name\":\"T\u00e9rminos de Hospedaje\"}]},{\"@type\":\"WebSite\",\"@id\":\"https:\\\/\\\/lapileta.mx\\\/#website\",\"url\":\"https:\\\/\\\/lapileta.mx\\\/\",\"name\":\"La Pileta\",\"description\":\"\",\"publisher\":{\"@id\":\"https:\\\/\\\/lapileta.mx\\\/#organization\"},\"potentialAction\":[{\"@type\":\"SearchAction\",\"target\":{\"@type\":\"EntryPoint\",\"urlTemplate\":\"https:\\\/\\\/lapileta.mx\\\/?s={search_term_string}\"},\"query-input\":{\"@type\":\"PropertyValueSpecification\",\"valueRequired\":true,\"valueName\":\"search_term_string\"}}],\"inLanguage\":\"en-US\"},{\"@type\":\"Organization\",\"@id\":\"https:\\\/\\\/lapileta.mx\\\/#organization\",\"name\":\"La Pileta\",\"url\":\"https:\\\/\\\/lapileta.mx\\\/\",\"logo\":{\"@type\":\"ImageObject\",\"inLanguage\":\"en-US\",\"@id\":\"https:\\\/\\\/lapileta.mx\\\/#\\\/schema\\\/logo\\\/image\\\/\",\"url\":\"http:\\\/\\\/lapileta.mx\\\/wp-content\\\/uploads\\\/2023\\\/02\\\/cropped-croppedLogo-1.png\",\"contentUrl\":\"http:\\\/\\\/lapileta.mx\\\/wp-content\\\/uploads\\\/2023\\\/02\\\/cropped-croppedLogo-1.png\",\"width\":512,\"height\":512,\"caption\":\"La Pileta\"},\"image\":{\"@id\":\"https:\\\/\\\/lapileta.mx\\\/#\\\/schema\\\/logo\\\/image\\\/\"},\"sameAs\":[\"https:\\\/\\\/x.com\\\/LaPiletaMx\"]}]}<\/script>\n<!-- \/ Yoast SEO plugin. -->","yoast_head_json":{"title":"T\u00e9rminos de Hospedaje - La Pileta","robots":{"index":"index","follow":"follow","max-snippet":"max-snippet:-1","max-image-preview":"max-image-preview:large","max-video-preview":"max-video-preview:-1"},"canonical":"https:\/\/lapileta.mx\/en\/contrato-de-hospedaje\/","og_locale":"en_US","og_type":"article","og_title":"T\u00e9rminos de Hospedaje - La Pileta","og_description":"CONTRATO DE HOSPEDAJE ENTRE EL SE\u00d1OR FRANCISCO JAVIER ALVAREZ GOMEZ, POR UNA PARTE, QUE EN LO SUCESIVO SE LE DENOMINARA \u201cHOSPEDANTE\u201d Y POR LA OTRA LA PERSONA COMPLETANDO ESTA RESERVACI\u00d3N NOMBRADA EN LA SECCI\u00d3N INICIAL, QUE EN LO SUCESIVO SE LE DENOMINARA \u201cHU\u00c9SPED\u201d, AMBOS MAYORES DE EDAD Y CON CAPACIDAD LEGAL PARA CONTRATAR Y OBLIGARSE, [&hellip;]","og_url":"https:\/\/lapileta.mx\/en\/contrato-de-hospedaje\/","og_site_name":"La Pileta","article_modified_time":"2025-03-27T16:50:42+00:00","twitter_card":"summary_large_image","twitter_site":"@LaPiletaMx","twitter_misc":{"Est. reading time":"5 minutes"},"schema":{"@context":"https:\/\/schema.org","@graph":[{"@type":"WebPage","@id":"https:\/\/lapileta.mx\/contrato-de-hospedaje\/","url":"https:\/\/lapileta.mx\/contrato-de-hospedaje\/","name":"T\u00e9rminos de Hospedaje - La Pileta","isPartOf":{"@id":"https:\/\/lapileta.mx\/#website"},"datePublished":"2025-03-22T14:45:47+00:00","dateModified":"2025-03-27T16:50:42+00:00","breadcrumb":{"@id":"https:\/\/lapileta.mx\/contrato-de-hospedaje\/#breadcrumb"},"inLanguage":"en-US","potentialAction":[{"@type":"ReadAction","target":["https:\/\/lapileta.mx\/contrato-de-hospedaje\/"]}]},{"@type":"BreadcrumbList","@id":"https:\/\/lapileta.mx\/contrato-de-hospedaje\/#breadcrumb","itemListElement":[{"@type":"ListItem","position":1,"name":"Home","item":"https:\/\/lapileta.mx\/"},{"@type":"ListItem","position":2,"name":"T\u00e9rminos de Hospedaje"}]},{"@type":"WebSite","@id":"https:\/\/lapileta.mx\/#website","url":"https:\/\/lapileta.mx\/","name":"La Pileta","description":"","publisher":{"@id":"https:\/\/lapileta.mx\/#organization"},"potentialAction":[{"@type":"SearchAction","target":{"@type":"EntryPoint","urlTemplate":"https:\/\/lapileta.mx\/?s={search_term_string}"},"query-input":{"@type":"PropertyValueSpecification","valueRequired":true,"valueName":"search_term_string"}}],"inLanguage":"en-US"},{"@type":"Organization","@id":"https:\/\/lapileta.mx\/#organization","name":"La Pileta","url":"https:\/\/lapileta.mx\/","logo":{"@type":"ImageObject","inLanguage":"en-US","@id":"https:\/\/lapileta.mx\/#\/schema\/logo\/image\/","url":"http:\/\/lapileta.mx\/wp-content\/uploads\/2023\/02\/cropped-croppedLogo-1.png","contentUrl":"http:\/\/lapileta.mx\/wp-content\/uploads\/2023\/02\/cropped-croppedLogo-1.png","width":512,"height":512,"caption":"La Pileta"},"image":{"@id":"https:\/\/lapileta.mx\/#\/schema\/logo\/image\/"},"sameAs":["https:\/\/x.com\/LaPiletaMx"]}]}},"_links":{"self":[{"href":"https:\/\/lapileta.mx\/en\/wp-json\/wp\/v2\/pages\/13386","targetHints":{"allow":["GET"]}}],"collection":[{"href":"https:\/\/lapileta.mx\/en\/wp-json\/wp\/v2\/pages"}],"about":[{"href":"https:\/\/lapileta.mx\/en\/wp-json\/wp\/v2\/types\/page"}],"author":[{"embeddable":true,"href":"https:\/\/lapileta.mx\/en\/wp-json\/wp\/v2\/users\/1"}],"replies":[{"embeddable":true,"href":"https:\/\/lapileta.mx\/en\/wp-json\/wp\/v2\/comments?post=13386"}],"version-history":[{"count":2,"href":"https:\/\/lapileta.mx\/en\/wp-json\/wp\/v2\/pages\/13386\/revisions"}],"predecessor-version":[{"id":13420,"href":"https:\/\/lapileta.mx\/en\/wp-json\/wp\/v2\/pages\/13386\/revisions\/13420"}],"wp:attachment":[{"href":"https:\/\/lapileta.mx\/en\/wp-json\/wp\/v2\/media?parent=13386"}],"curies":[{"name":"wp","href":"https:\/\/api.w.org\/{rel}","templated":true}]}}